{"id":1487,"date":"2023-12-05T15:07:43","date_gmt":"2023-12-05T14:07:43","guid":{"rendered":"http:\/\/www.kargo-music.com\/?page_id=1487"},"modified":"2026-02-10T11:22:37","modified_gmt":"2026-02-10T10:22:37","slug":"bilderberg-saint-paul","status":"publish","type":"page","link":"https:\/\/www.kargo-music.com\/fr\/bilderberg-saint-paul\/","title":{"rendered":"Bilderberg Saint-Paul"},"content":{"rendered":"<p>Bilderberg &#8211; Saint-Paul est un collectif de musiciens compos\u00e9s de l\u2019artiste plasticien Vincent Solheid, Thomas Turine, Julien Dulibic, Vincent Cahay, Rapha\u00ebl Venin, Michel Pialoux et Antoine Boulanger.<\/p>\n<p>Le nom du groupe est d\u00e9j\u00e0 une histoire \u00e0 part enti\u00e8re. Tir\u00e9 du Club Bilderberg, qui rassemble annuellement et dans le plus grand secret certains grands de ce monde et de Sankt Pauli, quartier de la ville d&rsquo;Hamburg, peupl\u00e9 de militants libertaires et d&rsquo;extr\u00eame-gauche.<\/p>\n<p>L&rsquo;id\u00e9e derri\u00e8re ce nom de groupe est une opposition footballistique entre les 2. L&rsquo;album s&rsquo;intitule \u201c0-5\u201d. Sankt-Pauli gagne, mais la confrontation a-t-elle vraiment eu lieu ? Bilderberg a-t-il refus\u00e9 de se pr\u00e9senter ? Nul ne sait.<\/p>\n<p>Musicalement, les 8 titres qui le composent sont d&rsquo;une po\u00e9sie et d&rsquo;une intensit\u00e9 rares, nous emmenant du c\u00f4t\u00e9 de l&rsquo;\u00e9lectronique underground Berlinoise ou des vers de Brigitte Fontaine.<\/p>\n<p>Acheter le vinyle (envoyez nous un mail avec votre commande)<br \/>\n<a class='clic-email-convert' href='' data-email='cGllcnJlQGthcmdvLW11c2ljLmNvbQ=='>Cliquez ici pour afficher l'e-mail<\/a><\/p>\n<p><img loading=\"lazy\" class=\"alignnone wp-image-1543\" src=\"http:\/\/www.kargo-music.com\/wp-content\/uploads\/2024\/02\/img_1415-600x450.jpg\" alt=\"Vinyle Bilderberg Saint-Paul\" width=\"350\" height=\"263\" srcset=\"https:\/\/www.kargo-music.com\/wp-content\/uploads\/2024\/02\/img_1415-600x450.jpg 600w, https:\/\/www.kargo-music.com\/wp-content\/uploads\/2024\/02\/img_1415-768x576.jpg 768w, https:\/\/www.kargo-music.com\/wp-content\/uploads\/2024\/02\/img_1415.jpg 800w\" sizes=\"(max-width: 350px) 100vw, 350px\" \/><\/p>\n<p>&nbsp;<\/p>\n<p>&nbsp;<\/p>\n<p><iframe loading=\"lazy\" title=\"YouTube video player\" src=\"https:\/\/www.youtube.com\/embed\/VCMh7qGKRTw?si=_sfzt56xe1Y3D1Cu\" width=\"560\" height=\"315\" frameborder=\"0\" allowfullscreen=\"allowfullscreen\"><\/iframe><\/p>\n<p>&nbsp;<\/p>\n<p><iframe loading=\"lazy\" style=\"border-radius: 12px;\" src=\"https:\/\/open.spotify.com\/embed\/album\/5AiEU0j3kqVioAIblhWLNp?utm_source=generator\" width=\"100%\" height=\"352\" frameborder=\"0\" allowfullscreen=\"allowfullscreen\"><\/iframe><\/p>\n<p>&nbsp;<\/p>\n","protected":false},"excerpt":{"rendered":"<p>Bilderberg &#8211; Saint-Paul est un collectif de musiciens compos\u00e9s de l\u2019artiste plasticien Vincent Solheid, Thomas Turine, Julien Dulibic, Vincent Cahay,&#8230;<\/p>\n","protected":false},"author":2,"featured_media":0,"parent":0,"menu_order":0,"comment_status":"closed","ping_status":"closed","template":"","meta":[],"acf":[],"_links":{"self":[{"href":"https:\/\/www.kargo-music.com\/fr\/wp-json\/wp\/v2\/pages\/1487"}],"collection":[{"href":"https:\/\/www.kargo-music.com\/fr\/wp-json\/wp\/v2\/pages"}],"about":[{"href":"https:\/\/www.kargo-music.com\/fr\/wp-json\/wp\/v2\/types\/page"}],"author":[{"embeddable":true,"href":"https:\/\/www.kargo-music.com\/fr\/wp-json\/wp\/v2\/users\/2"}],"replies":[{"embeddable":true,"href":"https:\/\/www.kargo-music.com\/fr\/wp-json\/wp\/v2\/comments?post=1487"}],"version-history":[{"count":10,"href":"https:\/\/www.kargo-music.com\/fr\/wp-json\/wp\/v2\/pages\/1487\/revisions"}],"predecessor-version":[{"id":2649,"href":"https:\/\/www.kargo-music.com\/fr\/wp-json\/wp\/v2\/pages\/1487\/revisions\/2649"}],"wp:attachment":[{"href":"https:\/\/www.kargo-music.com\/fr\/wp-json\/wp\/v2\/media?parent=1487"}],"curies":[{"name":"wp","href":"https:\/\/api.w.org\/{rel}","templated":true}]}}