{"id":1529,"date":"2024-02-02T11:42:31","date_gmt":"2024-02-02T10:42:31","guid":{"rendered":"http:\/\/www.kargo-music.com\/?page_id=1529"},"modified":"2026-02-13T13:23:58","modified_gmt":"2026-02-13T12:23:58","slug":"label","status":"publish","type":"page","link":"https:\/\/www.kargo-music.com\/fr\/label\/","title":{"rendered":"Label"},"content":{"rendered":"<h4>Kargo d\u00e9veloppe \u00e9galement des activit\u00e9s de label.<\/h4>\n<p>Nous avons actuellement 2 artistes en catalogue. Pour eux, nous d\u00e9veloppons une visibilit\u00e9 sp\u00e9cifique dans les m\u00e9dias sp\u00e9cialis\u00e9s (web-presse, presse \u00e9crite, radios,&#8230;).<\/p>\n<p>Cliquez sur leur cover pour les d\u00e9couvrir.<\/p>\n<p><a href=\"https:\/\/www.kargo-music.com\/fr\/bilderberg-saint-paul\/\"><img loading=\"lazy\" class=\"alignnone wp-image-1788 size-thumbnail\" src=\"http:\/\/www.kargo-music.com\/wp-content\/uploads\/2024\/04\/blason-def-150x150.jpeg\" alt=\"Blason Def\" width=\"150\" height=\"150\" \/>. \u00a0<\/a><a href=\"https:\/\/www.kargo-music.com\/fr\/roscoe-make-it-happen-3\/\"><img class=\"alignnone wp-image-1786 size-thumbnail\" \/><img loading=\"lazy\" class=\"alignnone wp-image-2603\" src=\"http:\/\/www.kargo-music.com\/wp-content\/uploads\/2025\/10\/mock-up-vinyle-white-600x600.png\" alt=\"Mock Up Vinyle White\" width=\"149\" height=\"149\" srcset=\"https:\/\/www.kargo-music.com\/wp-content\/uploads\/2025\/10\/mock-up-vinyle-white-600x600.png 600w, https:\/\/www.kargo-music.com\/wp-content\/uploads\/2025\/10\/mock-up-vinyle-white-150x150.png 150w, https:\/\/www.kargo-music.com\/wp-content\/uploads\/2025\/10\/mock-up-vinyle-white-768x768.png 768w, https:\/\/www.kargo-music.com\/wp-content\/uploads\/2025\/10\/mock-up-vinyle-white.png 1024w\" sizes=\"(max-width: 149px) 100vw, 149px\" \/> <\/a><\/p>\n","protected":false},"excerpt":{"rendered":"<p>Kargo d\u00e9veloppe \u00e9galement des activit\u00e9s de label. Nous avons actuellement 2 artistes en catalogue. Pour eux, nous d\u00e9veloppons une visibilit\u00e9&#8230;<\/p>\n","protected":false},"author":2,"featured_media":0,"parent":0,"menu_order":0,"comment_status":"closed","ping_status":"closed","template":"","meta":[],"acf":[],"_links":{"self":[{"href":"https:\/\/www.kargo-music.com\/fr\/wp-json\/wp\/v2\/pages\/1529"}],"collection":[{"href":"https:\/\/www.kargo-music.com\/fr\/wp-json\/wp\/v2\/pages"}],"about":[{"href":"https:\/\/www.kargo-music.com\/fr\/wp-json\/wp\/v2\/types\/page"}],"author":[{"embeddable":true,"href":"https:\/\/www.kargo-music.com\/fr\/wp-json\/wp\/v2\/users\/2"}],"replies":[{"embeddable":true,"href":"https:\/\/www.kargo-music.com\/fr\/wp-json\/wp\/v2\/comments?post=1529"}],"version-history":[{"count":10,"href":"https:\/\/www.kargo-music.com\/fr\/wp-json\/wp\/v2\/pages\/1529\/revisions"}],"predecessor-version":[{"id":2817,"href":"https:\/\/www.kargo-music.com\/fr\/wp-json\/wp\/v2\/pages\/1529\/revisions\/2817"}],"wp:attachment":[{"href":"https:\/\/www.kargo-music.com\/fr\/wp-json\/wp\/v2\/media?parent=1529"}],"curies":[{"name":"wp","href":"https:\/\/api.w.org\/{rel}","templated":true}]}}