{"id":1553,"date":"2024-02-02T14:04:20","date_gmt":"2024-02-02T13:04:20","guid":{"rendered":"http:\/\/www.kargo-music.com\/?page_id=1553"},"modified":"2026-04-02T13:59:26","modified_gmt":"2026-04-02T11:59:26","slug":"musique-a-limage","status":"publish","type":"page","link":"https:\/\/www.kargo-music.com\/fr\/musique-a-limage\/","title":{"rendered":"Musique \u00e0 l&rsquo;image"},"content":{"rendered":"<p>Nous r\u00e9alisons de la musique sur mesure pour vos productions audiovisuelles :<\/p>\n<ul>\n<li>documentaires<\/li>\n<li>films<\/li>\n<li>courts-m\u00e9trage<\/li>\n<li>s\u00e9ries<\/li>\n<li>publicit\u00e9s<\/li>\n<li>podcasts<\/li>\n<\/ul>\n<p>Composition de la bande son du documentaire \u00ab\u00a0ATYPIQUES\u00a0\u00bb. Prod. : RTL TVI<\/p>\n<!--[if lt IE 9]><script>document.createElement('video');<\/script><![endif]-->\n\t<div class=\"wp-playlist wp-video-playlist wp-playlist-light\">\n\t\t<video controls=\"controls\" preload=\"none\" width=\"618\"\n\t\t height=\"348\"\t><\/video>\n\t<div class=\"wp-playlist-next\"><\/div>\n\t<div class=\"wp-playlist-prev\"><\/div>\n\t<noscript>\n\t<ol>\n\t\t<li><a href='https:\/\/www.kargo-music.com\/wp-content\/uploads\/2024\/02\/atypiques_-_trailer-1080p.mp4'>atypiques_-_trailer (1080p)<\/a><\/li>\t<\/ol>\n\t<\/noscript>\n\t<script type=\"application\/json\" class=\"wp-playlist-script\">{\"type\":\"video\",\"tracklist\":true,\"tracknumbers\":true,\"images\":true,\"artists\":true,\"tracks\":[{\"src\":\"https:\\\/\\\/www.kargo-music.com\\\/wp-content\\\/uploads\\\/2024\\\/02\\\/atypiques_-_trailer-1080p.mp4\",\"type\":\"video\\\/mp4\",\"title\":\"atypiques_-_trailer (1080p)\",\"caption\":\"\",\"description\":\"\",\"meta\":[],\"dimensions\":{\"original\":{\"width\":1920,\"height\":1080},\"resized\":{\"width\":618,\"height\":348}},\"image\":{\"src\":\"https:\\\/\\\/www.kargo-music.com\\\/wp-includes\\\/images\\\/media\\\/video.png\",\"width\":48,\"height\":64},\"thumb\":{\"src\":\"https:\\\/\\\/www.kargo-music.com\\\/wp-includes\\\/images\\\/media\\\/video.png\",\"width\":48,\"height\":64}}]}<\/script>\n<\/div>\n\t\n<p>Composition et mix de la bande son pour Cash Investigation : \u00ab\u00a0Soldats belges volontaires en Ukraine : au coeur des combats\u00a0\u00bb . Prod. : RTBF<\/p>\n<p><iframe loading=\"lazy\" title=\"YouTube video player\" src=\"https:\/\/www.youtube.com\/embed\/A-P2NjMz1T4?si=AQiMHiX1W4WqkxQt\" width=\"560\" height=\"315\" frameborder=\"0\" allowfullscreen=\"allowfullscreen\"><\/iframe><\/p>\n<p>Composition et mix du Court-M\u00e9trage <a href=\"https:\/\/www.imdb.com\/fr\/title\/tt31997503\/\">\u00ab\u00a0Dr\u00f4le d&rsquo;oiseau\u00a0\u00bb<\/a> d&rsquo;Achille Balthazar<\/p>\n<p>Composition et mix du Court-M\u00e9trage \u00ab\u00a0Une bulle dans une bulle\u00a0\u00bb de Christopher Roxs<\/p>\n<p>Composition et mix de la bande son du Brand Movie de Wallonie-Entreprendre. Prod. : <a href=\"https:\/\/braconnier.agency\/fr\/\">Braconnier<\/a><\/p>\n<p><iframe loading=\"lazy\" title=\"YouTube video player\" src=\"https:\/\/www.youtube.com\/embed\/7fltNM4v0mM?si=og1HkDlQ9GnrdkP6\" width=\"560\" height=\"315\" frameborder=\"0\" allowfullscreen=\"allowfullscreen\" data-mce-fragment=\"1\"><\/iframe><\/p>\n<p>&nbsp;<\/p>\n<p>ATYPIQUES &#8211; Track by track<\/p>\n<div class=\"wp-playlist wp-audio-playlist wp-playlist-light\">\n\t\t\t<div class=\"wp-playlist-current-item\"><\/div>\n\t\t<audio controls=\"controls\" preload=\"none\" width=\"618\"\n\t\t\t><\/audio>\n\t<div class=\"wp-playlist-next\"><\/div>\n\t<div class=\"wp-playlist-prev\"><\/div>\n\t<noscript>\n\t<ol>\n\t\t<li><a href='https:\/\/www.kargo-music.com\/wp-content\/uploads\/2024\/05\/2-atypiques-olivier.mp3'>2-OLIVIER<\/a><\/li><li><a href='https:\/\/www.kargo-music.com\/wp-content\/uploads\/2024\/05\/3-atypiques-karin.mp3'>3-Karin<\/a><\/li><li><a href='https:\/\/www.kargo-music.com\/wp-content\/uploads\/2024\/05\/4-atypiques-karin.mp3'>4-Karin<\/a><\/li><li><a href='https:\/\/www.kargo-music.com\/wp-content\/uploads\/2024\/05\/5-atypiques-karin.mp3'>5-Karin<\/a><\/li><li><a href='https:\/\/www.kargo-music.com\/wp-content\/uploads\/2024\/05\/6-atypiques-karin.mp3'>6-Karin<\/a><\/li><li><a href='https:\/\/www.kargo-music.com\/wp-content\/uploads\/2024\/05\/7-atypiques-pierre.mp3'>7-Pierre<\/a><\/li><li><a href='https:\/\/www.kargo-music.com\/wp-content\/uploads\/2024\/05\/8-atypiques-pierre.mp3'>8-Pierre<\/a><\/li><li><a href='https:\/\/www.kargo-music.com\/wp-content\/uploads\/2024\/05\/9-atypiques-pierre.mp3'>9-Pierre<\/a><\/li><li><a href='https:\/\/www.kargo-music.com\/wp-content\/uploads\/2024\/05\/10-atypiques-france.mp3'>10-France<\/a><\/li><li><a href='https:\/\/www.kargo-music.com\/wp-content\/uploads\/2024\/05\/11-atypiques-france.mp3'>11-France<\/a><\/li><li><a href='https:\/\/www.kargo-music.com\/wp-content\/uploads\/2024\/05\/12-atypiques-mathilde.mp3'>12-Mathilde<\/a><\/li>\t<\/ol>\n\t<\/noscript>\n\t<script type=\"application\/json\" class=\"wp-playlist-script\">{\"type\":\"audio\",\"tracklist\":true,\"tracknumbers\":true,\"images\":true,\"artists\":true,\"tracks\":[{\"src\":\"https:\\\/\\\/www.kargo-music.com\\\/wp-content\\\/uploads\\\/2024\\\/05\\\/2-atypiques-olivier.mp3\",\"type\":\"audio\\\/mpeg\",\"title\":\"2-OLIVIER\",\"caption\":\"\",\"description\":\"<i>2-OLIVIER<\\\/i>.\",\"meta\":{\"length_formatted\":\"3:34\"},\"image\":{\"src\":\"https:\\\/\\\/www.kargo-music.com\\\/wp-includes\\\/images\\\/media\\\/audio.png\",\"width\":48,\"height\":64},\"thumb\":{\"src\":\"https:\\\/\\\/www.kargo-music.com\\\/wp-includes\\\/images\\\/media\\\/audio.png\",\"width\":48,\"height\":64}},{\"src\":\"https:\\\/\\\/www.kargo-music.com\\\/wp-content\\\/uploads\\\/2024\\\/05\\\/3-atypiques-karin.mp3\",\"type\":\"audio\\\/mpeg\",\"title\":\"3-Karin\",\"caption\":\"\",\"description\":\"<i>3-Karin<\\\/i>.\",\"meta\":{\"length_formatted\":\"0:33\"},\"image\":{\"src\":\"https:\\\/\\\/www.kargo-music.com\\\/wp-includes\\\/images\\\/media\\\/audio.png\",\"width\":48,\"height\":64},\"thumb\":{\"src\":\"https:\\\/\\\/www.kargo-music.com\\\/wp-includes\\\/images\\\/media\\\/audio.png\",\"width\":48,\"height\":64}},{\"src\":\"https:\\\/\\\/www.kargo-music.com\\\/wp-content\\\/uploads\\\/2024\\\/05\\\/4-atypiques-karin.mp3\",\"type\":\"audio\\\/mpeg\",\"title\":\"4-Karin\",\"caption\":\"\",\"description\":\"<i>4-Karin<\\\/i>.\",\"meta\":{\"length_formatted\":\"0:30\"},\"image\":{\"src\":\"https:\\\/\\\/www.kargo-music.com\\\/wp-includes\\\/images\\\/media\\\/audio.png\",\"width\":48,\"height\":64},\"thumb\":{\"src\":\"https:\\\/\\\/www.kargo-music.com\\\/wp-includes\\\/images\\\/media\\\/audio.png\",\"width\":48,\"height\":64}},{\"src\":\"https:\\\/\\\/www.kargo-music.com\\\/wp-content\\\/uploads\\\/2024\\\/05\\\/5-atypiques-karin.mp3\",\"type\":\"audio\\\/mpeg\",\"title\":\"5-Karin\",\"caption\":\"\",\"description\":\"<i>5-Karin<\\\/i>.\",\"meta\":{\"length_formatted\":\"1:24\"},\"image\":{\"src\":\"https:\\\/\\\/www.kargo-music.com\\\/wp-includes\\\/images\\\/media\\\/audio.png\",\"width\":48,\"height\":64},\"thumb\":{\"src\":\"https:\\\/\\\/www.kargo-music.com\\\/wp-includes\\\/images\\\/media\\\/audio.png\",\"width\":48,\"height\":64}},{\"src\":\"https:\\\/\\\/www.kargo-music.com\\\/wp-content\\\/uploads\\\/2024\\\/05\\\/6-atypiques-karin.mp3\",\"type\":\"audio\\\/mpeg\",\"title\":\"6-Karin\",\"caption\":\"\",\"description\":\"<i>6-Karin<\\\/i>.\",\"meta\":{\"length_formatted\":\"1:42\"},\"image\":{\"src\":\"https:\\\/\\\/www.kargo-music.com\\\/wp-includes\\\/images\\\/media\\\/audio.png\",\"width\":48,\"height\":64},\"thumb\":{\"src\":\"https:\\\/\\\/www.kargo-music.com\\\/wp-includes\\\/images\\\/media\\\/audio.png\",\"width\":48,\"height\":64}},{\"src\":\"https:\\\/\\\/www.kargo-music.com\\\/wp-content\\\/uploads\\\/2024\\\/05\\\/7-atypiques-pierre.mp3\",\"type\":\"audio\\\/mpeg\",\"title\":\"7-Pierre\",\"caption\":\"\",\"description\":\"<i>7-Pierre<\\\/i>.\",\"meta\":{\"length_formatted\":\"1:03\"},\"image\":{\"src\":\"https:\\\/\\\/www.kargo-music.com\\\/wp-includes\\\/images\\\/media\\\/audio.png\",\"width\":48,\"height\":64},\"thumb\":{\"src\":\"https:\\\/\\\/www.kargo-music.com\\\/wp-includes\\\/images\\\/media\\\/audio.png\",\"width\":48,\"height\":64}},{\"src\":\"https:\\\/\\\/www.kargo-music.com\\\/wp-content\\\/uploads\\\/2024\\\/05\\\/8-atypiques-pierre.mp3\",\"type\":\"audio\\\/mpeg\",\"title\":\"8-Pierre\",\"caption\":\"\",\"description\":\"<i>8-Pierre<\\\/i>.\",\"meta\":{\"length_formatted\":\"0:57\"},\"image\":{\"src\":\"https:\\\/\\\/www.kargo-music.com\\\/wp-includes\\\/images\\\/media\\\/audio.png\",\"width\":48,\"height\":64},\"thumb\":{\"src\":\"https:\\\/\\\/www.kargo-music.com\\\/wp-includes\\\/images\\\/media\\\/audio.png\",\"width\":48,\"height\":64}},{\"src\":\"https:\\\/\\\/www.kargo-music.com\\\/wp-content\\\/uploads\\\/2024\\\/05\\\/9-atypiques-pierre.mp3\",\"type\":\"audio\\\/mpeg\",\"title\":\"9-Pierre\",\"caption\":\"\",\"description\":\"<i>9-Pierre<\\\/i>.\",\"meta\":{\"length_formatted\":\"1:42\"},\"image\":{\"src\":\"https:\\\/\\\/www.kargo-music.com\\\/wp-includes\\\/images\\\/media\\\/audio.png\",\"width\":48,\"height\":64},\"thumb\":{\"src\":\"https:\\\/\\\/www.kargo-music.com\\\/wp-includes\\\/images\\\/media\\\/audio.png\",\"width\":48,\"height\":64}},{\"src\":\"https:\\\/\\\/www.kargo-music.com\\\/wp-content\\\/uploads\\\/2024\\\/05\\\/10-atypiques-france.mp3\",\"type\":\"audio\\\/mpeg\",\"title\":\"10-France\",\"caption\":\"\",\"description\":\"<i>10-France<\\\/i>.\",\"meta\":{\"length_formatted\":\"3:35\"},\"image\":{\"src\":\"https:\\\/\\\/www.kargo-music.com\\\/wp-includes\\\/images\\\/media\\\/audio.png\",\"width\":48,\"height\":64},\"thumb\":{\"src\":\"https:\\\/\\\/www.kargo-music.com\\\/wp-includes\\\/images\\\/media\\\/audio.png\",\"width\":48,\"height\":64}},{\"src\":\"https:\\\/\\\/www.kargo-music.com\\\/wp-content\\\/uploads\\\/2024\\\/05\\\/11-atypiques-france.mp3\",\"type\":\"audio\\\/mpeg\",\"title\":\"11-France\",\"caption\":\"\",\"description\":\"<i>11-France<\\\/i>.\",\"meta\":{\"length_formatted\":\"1:05\"},\"image\":{\"src\":\"https:\\\/\\\/www.kargo-music.com\\\/wp-includes\\\/images\\\/media\\\/audio.png\",\"width\":48,\"height\":64},\"thumb\":{\"src\":\"https:\\\/\\\/www.kargo-music.com\\\/wp-includes\\\/images\\\/media\\\/audio.png\",\"width\":48,\"height\":64}},{\"src\":\"https:\\\/\\\/www.kargo-music.com\\\/wp-content\\\/uploads\\\/2024\\\/05\\\/12-atypiques-mathilde.mp3\",\"type\":\"audio\\\/mpeg\",\"title\":\"12-Mathilde\",\"caption\":\"\",\"description\":\"<i>12-Mathilde<\\\/i>.\",\"meta\":{\"length_formatted\":\"0:53\"},\"image\":{\"src\":\"https:\\\/\\\/www.kargo-music.com\\\/wp-includes\\\/images\\\/media\\\/audio.png\",\"width\":48,\"height\":64},\"thumb\":{\"src\":\"https:\\\/\\\/www.kargo-music.com\\\/wp-includes\\\/images\\\/media\\\/audio.png\",\"width\":48,\"height\":64}}]}<\/script>\n<\/div>\n\t\n<p>&nbsp;<\/p>\n<p>Nous avons \u00e9galement un catalogue existant de musique, dans lequel vous trouverez surement ce qu&rsquo;il vous faut, n&rsquo;h\u00e9sitez pas \u00e0 y jeter une oreille :<\/p>\n<p>&nbsp;<\/p>\n<p><iframe loading=\"lazy\" style=\"border-radius: 12px;\" src=\"https:\/\/open.spotify.com\/embed\/playlist\/6MrAxApiZKhc7ekhleQ62X?utm_source=generator\" width=\"100%\" height=\"352\" frameborder=\"0\" allowfullscreen=\"allowfullscreen\"><\/iframe><\/p>\n<p>&nbsp;<\/p>\n<p>Le catalogue complet est \u00e9galement <a href=\"https:\/\/www.kargo-music.com\/fr\/catalogue\/\">disponible ici !<\/a><\/p>\n","protected":false},"excerpt":{"rendered":"<p>Nous r\u00e9alisons de la musique sur mesure pour vos productions audiovisuelles : documentaires films courts-m\u00e9trage s\u00e9ries publicit\u00e9s podcasts Composition de&#8230;<\/p>\n","protected":false},"author":2,"featured_media":0,"parent":0,"menu_order":0,"comment_status":"closed","ping_status":"closed","template":"","meta":[],"acf":[],"_links":{"self":[{"href":"https:\/\/www.kargo-music.com\/fr\/wp-json\/wp\/v2\/pages\/1553"}],"collection":[{"href":"https:\/\/www.kargo-music.com\/fr\/wp-json\/wp\/v2\/pages"}],"about":[{"href":"https:\/\/www.kargo-music.com\/fr\/wp-json\/wp\/v2\/types\/page"}],"author":[{"embeddable":true,"href":"https:\/\/www.kargo-music.com\/fr\/wp-json\/wp\/v2\/users\/2"}],"replies":[{"embeddable":true,"href":"https:\/\/www.kargo-music.com\/fr\/wp-json\/wp\/v2\/comments?post=1553"}],"version-history":[{"count":10,"href":"https:\/\/www.kargo-music.com\/fr\/wp-json\/wp\/v2\/pages\/1553\/revisions"}],"predecessor-version":[{"id":2949,"href":"https:\/\/www.kargo-music.com\/fr\/wp-json\/wp\/v2\/pages\/1553\/revisions\/2949"}],"wp:attachment":[{"href":"https:\/\/www.kargo-music.com\/fr\/wp-json\/wp\/v2\/media?parent=1553"}],"curies":[{"name":"wp","href":"https:\/\/api.w.org\/{rel}","templated":true}]}}