{"id":1557,"date":"2024-02-02T14:12:46","date_gmt":"2024-02-02T13:12:46","guid":{"rendered":"http:\/\/www.kargo-music.com\/?page_id=1557"},"modified":"2026-02-10T11:36:34","modified_gmt":"2026-02-10T10:36:34","slug":"songwriting","status":"publish","type":"page","link":"https:\/\/www.kargo-music.com\/fr\/songwriting\/","title":{"rendered":"Songwriting"},"content":{"rendered":"<p>Le songwriting, c&rsquo;est ce qu&rsquo;on fait le mieux.<\/p>\n<p>Double disque de platine, + de 100 millions de streams, Pierre a une solide exp\u00e9rience en composition et \u00e9criture de paroles en fran\u00e7ais et en anglais.<\/p>\n<p>Mieux qu&rsquo;un long discours, voici une playlist de quelques-un des titres qu&rsquo;il a \u00e9crit.<\/p>\n<p><iframe loading=\"lazy\" style=\"border-radius: 12px;\" src=\"https:\/\/open.spotify.com\/embed\/playlist\/5EUhsNH4ky8jX5v4ZJgXJV?utm_source=generator\" width=\"100%\" height=\"352\" frameborder=\"0\" allowfullscreen=\"allowfullscreen\"><\/iframe><\/p>\n","protected":false},"excerpt":{"rendered":"<p>Le songwriting, c&rsquo;est ce qu&rsquo;on fait le mieux. Double disque de platine, + de 100 millions de streams, Pierre a&#8230;<\/p>\n","protected":false},"author":2,"featured_media":0,"parent":0,"menu_order":0,"comment_status":"closed","ping_status":"closed","template":"","meta":[],"acf":[],"_links":{"self":[{"href":"https:\/\/www.kargo-music.com\/fr\/wp-json\/wp\/v2\/pages\/1557"}],"collection":[{"href":"https:\/\/www.kargo-music.com\/fr\/wp-json\/wp\/v2\/pages"}],"about":[{"href":"https:\/\/www.kargo-music.com\/fr\/wp-json\/wp\/v2\/types\/page"}],"author":[{"embeddable":true,"href":"https:\/\/www.kargo-music.com\/fr\/wp-json\/wp\/v2\/users\/2"}],"replies":[{"embeddable":true,"href":"https:\/\/www.kargo-music.com\/fr\/wp-json\/wp\/v2\/comments?post=1557"}],"version-history":[{"count":5,"href":"https:\/\/www.kargo-music.com\/fr\/wp-json\/wp\/v2\/pages\/1557\/revisions"}],"predecessor-version":[{"id":2491,"href":"https:\/\/www.kargo-music.com\/fr\/wp-json\/wp\/v2\/pages\/1557\/revisions\/2491"}],"wp:attachment":[{"href":"https:\/\/www.kargo-music.com\/fr\/wp-json\/wp\/v2\/media?parent=1557"}],"curies":[{"name":"wp","href":"https:\/\/api.w.org\/{rel}","templated":true}]}}