{"id":19,"date":"2021-10-19T15:15:08","date_gmt":"2021-10-19T13:15:08","guid":{"rendered":"http:\/\/www.kargo-music.com\/terms-and-conditions\/"},"modified":"2026-02-10T11:24:21","modified_gmt":"2026-02-10T10:24:21","slug":"conditions-d-utilisation","status":"publish","type":"page","link":"https:\/\/www.kargo-music.com\/fr\/conditions-d-utilisation\/","title":{"rendered":"Conditions d&rsquo;utilisation"},"content":{"rendered":"<h2>Propri\u00e9taire du site<\/h2>\n<p><strong>KARGO<\/strong><\/p>\n<p>Rue Lambert le B\u00e8gue, 21<br \/>\n4000, Li\u00e8ge<br \/>\nBelgique<\/p>\n<p><a href=\"\u00abmailto:<a class='clic-email-convert' href='' data-email='cGllcnJlQGthcmdvLW11c2ljLmNvbQ=='>Cliquez ici pour afficher l'e-mail<\/a>&quot;\"><a class='clic-email-convert' href='' data-email='cGllcnJlQGthcmdvLW11c2ljLmNvbQ=='>Cliquez ici pour afficher l'e-mail<\/a><\/a><br \/>\n<a href=\"tel:0495\/28.81.84\">0495\/28.81.84<\/a><\/p>\n<h2>Propri\u00e9t\u00e9 intellectuelle &amp; marques d\u00e9pos\u00e9es<\/h2>\n<p>Website: \u00a9 Kargo, tous droits r\u00e9serv\u00e9s.<br \/>\nPhotos &amp; illustrations: \u00a9 Kargo;<\/p>\n<p>L&rsquo;ensemble de ce site rel\u00e8ve des l\u00e9gislations en vigueur sur les droits d&rsquo;auteur et de la propri\u00e9t\u00e9 intellectuelle. Tous les textes, illustrations ou autres contenus sont prot\u00e9g\u00e9s par un droit de reproduction.<\/p>\n<h2>R\u00e9alisation &amp; h\u00e9bergement<\/h2>\n<p><strong>Globule Bleu SPRL<\/strong><br \/>\nContent management (gestion de contenu) &#8211; Logiciel d&rsquo;e-commerce et d&rsquo;e-business &#8211; Package d&rsquo;e-commerce, Business to Customers et Business to Business &#8211; D\u00e9veloppement Web et Intranet &#8211; D\u00e9veloppement sur mesure &#8211; Agence marketing &#8211; Offline marketing.<br \/>\nQuai Mativa, 62<br \/>\n4020 Li\u00e8ge<br \/>\nTVA : BE0475155191<br \/>\nMail : <a href=\"mailto:<a class='clic-email-convert' href='' data-email='aW5mb0BnbG9idWxlYmxldS5jb20='>Cliquez ici pour afficher l'e-mail<\/a>\" target=\"_blank\" rel=\"noopener noreferrer\"><a class='clic-email-convert' href='' data-email='aW5mb0BnbG9idWxlYmxldS5jb20='>Cliquez ici pour afficher l'e-mail<\/a><\/a><br \/>\nSite : <a href=\"https:\/\/www.globulebleu.com\" target=\"_blank\" rel=\"noopener noreferrer\">www.globulebleu.com<\/a><\/p>\n<h2>Web Hosting \/ Datacenter<\/h2>\n<p>L\u2019h\u00e9bergement du site est r\u00e9alis\u00e9 par la soci\u00e9t\u00e9 <strong>OVH<\/strong>.<br \/>\nSAS au capital de 10 069 020 \u20ac<br \/>\nRCS Lille M\u00e9tropole 424 761 419 00045<br \/>\nCode APE 2620Z<br \/>\nN\u00b0 TVA : FR 22 424 761 419<br \/>\nSi\u00e8ge social : 2 rue Kellermann \u2013 59100 Roubaix \u2013 France<br \/>\nTel : +33 899 701 761 \u2013 Fax : +33 3 20 20 09 58<br \/>\nMail : <a href=\"mailto:<a class='clic-email-convert' href='' data-email='c3VwcG9ydEBvdmguY29t'>Cliquez ici pour afficher l'e-mail<\/a>\" target=\"_blank\" rel=\"noopener noreferrer\"><a class='clic-email-convert' href='' data-email='c3VwcG9ydEBvdmguY29t'>Cliquez ici pour afficher l'e-mail<\/a><\/a><br \/>\nSite : <a href=\"https:\/\/www.ovh.com\" target=\"_blank\" rel=\"noopener noreferrer\">www.ovh.com<\/a><\/p>\n<h2>Conditions d&rsquo;utilisation<\/h2>\n<h3>Conditions d&rsquo;acc\u00e8s au site<\/h3>\n<p>Toute personne (ci-apr\u00e8s \u00ab\u00a0l&rsquo;utilisateur\u00a0\u00bb) acc\u00e9dant au pr\u00e9sent site (ci-apr\u00e8s \u00ab\u00a0le site\u00a0\u00bb) est pr\u00e9sum\u00e9e avoir accept\u00e9 de fa\u00e7on inconditionnelle l&rsquo;ensemble des dispositions et des conditions d&rsquo;utilisation du site publi\u00e9 par son propri\u00e9taire (ci-apr\u00e8s \u00ab\u00a0l&rsquo;\u00e9diteur\u00a0\u00bb).<\/p>\n<p>Le site est accessible \u00e0 tout moment partout dans le monde. L&rsquo;utilisateur qui s&rsquo;y connecte porte seul la responsabilit\u00e9 de se conformer au respect des l\u00e9gislations et r\u00e9glementations en vigueur dans le pays o\u00f9 il r\u00e9side ou de celui d&rsquo;o\u00f9 il se connecte au site.<\/p>\n<h3>Modification des pr\u00e9sentes Conditions d&rsquo;utilisation, comp\u00e9tence et droit applicable<\/h3>\n<p>Les pr\u00e9sentes conditions d&rsquo;utilisation peuvent \u00eatre modifi\u00e9es par l&rsquo;\u00e9diteur \u00e0 tout moment. Les conditions d&rsquo;utilisation applicables \u00e0 toute utilisation du site sont celles disponibles et publi\u00e9es sur le site au moment de sa consultation par l&rsquo;utilisateur. La nullit\u00e9 ou non-validit\u00e9 d&rsquo;une disposition des pr\u00e9sentes conditions d&rsquo;utilisation ne porte pas pr\u00e9judice \u00e0 la validit\u00e9 des autres dispositions des pr\u00e9sentes conditions.<\/p>\n<h3>Clause de non-responsabilit\u00e9<\/h3>\n<p>M\u00eame si toutes les informations du site ont fait l&rsquo;objet d&rsquo;une v\u00e9rification minutieuse, aucune garantie n&rsquo;est donn\u00e9e \u00e0 l&rsquo;utilisateur quant \u00e0 leur exactitude. En aucun cas, l&rsquo;\u00e9diteur ne peut \u00eatre tenu responsable de l&rsquo;exactitude des informations indiqu\u00e9es et il ne peut aucunement garantir que les donn\u00e9es soient compl\u00e8tes, pr\u00e9cises ou actuelles. Toutes les informations sont donn\u00e9es sous r\u00e9serve de modification, d&rsquo;erreur ou d&rsquo;omission.<\/p>\n<p>L&rsquo;\u00e9diteur se d\u00e9gage \u00e9galement de toute responsabilit\u00e9 en ce qui concerne les contenus provenant de sites web \u00e9dit\u00e9s par des tiers vers lesquels le site fait des hyperliens ou \u00e0 partir desquels il re\u00e7oit des hyperliens.<\/p>\n<p>Enfin, l&rsquo;\u00e9diteur d\u00e9cline toute responsabilit\u00e9 et exclut toute garantie en cas d&rsquo;interruption ou mauvais fonctionnement du site. L&rsquo;\u00e9diteur ne pourra pas non plus \u00eatre tenu responsable des dommages directs ou indirects que l&rsquo;utilisateur pourrait subir \u00e0 la suite d&rsquo;un acc\u00e8s au site ou de son utilisation.<\/p>\n","protected":false},"excerpt":{"rendered":"<p>Propri\u00e9taire du site KARGO Rue Lambert le B\u00e8gue, 21 4000, Li\u00e8ge Belgique Cliquez ici pour afficher l&rsquo;e-mail 0495\/28.81.84 Propri\u00e9t\u00e9 intellectuelle&#8230;<\/p>\n","protected":false},"author":1,"featured_media":0,"parent":0,"menu_order":0,"comment_status":"closed","ping_status":"closed","template":"","meta":[],"acf":[],"_links":{"self":[{"href":"https:\/\/www.kargo-music.com\/fr\/wp-json\/wp\/v2\/pages\/19"}],"collection":[{"href":"https:\/\/www.kargo-music.com\/fr\/wp-json\/wp\/v2\/pages"}],"about":[{"href":"https:\/\/www.kargo-music.com\/fr\/wp-json\/wp\/v2\/types\/page"}],"author":[{"embeddable":true,"href":"https:\/\/www.kargo-music.com\/fr\/wp-json\/wp\/v2\/users\/1"}],"replies":[{"embeddable":true,"href":"https:\/\/www.kargo-music.com\/fr\/wp-json\/wp\/v2\/comments?post=19"}],"version-history":[{"count":8,"href":"https:\/\/www.kargo-music.com\/fr\/wp-json\/wp\/v2\/pages\/19\/revisions"}],"predecessor-version":[{"id":2635,"href":"https:\/\/www.kargo-music.com\/fr\/wp-json\/wp\/v2\/pages\/19\/revisions\/2635"}],"wp:attachment":[{"href":"https:\/\/www.kargo-music.com\/fr\/wp-json\/wp\/v2\/media?parent=19"}],"curies":[{"name":"wp","href":"https:\/\/api.w.org\/{rel}","templated":true}]}}