{"id":21,"date":"2021-10-19T15:15:08","date_gmt":"2021-10-19T13:15:08","guid":{"rendered":"http:\/\/www.kargo-music.com\/privacy-policy\/"},"modified":"2026-02-10T11:32:16","modified_gmt":"2026-02-10T10:32:16","slug":"politique-de-confidentialite","status":"publish","type":"page","link":"https:\/\/www.kargo-music.com\/fr\/politique-de-confidentialite\/","title":{"rendered":"Politique de confidentialit\u00e9"},"content":{"rendered":"<h2>Protection de donn\u00e9es \u00e0 caract\u00e8re personnel et Politique de confidentialit\u00e9<\/h2>\n<h3>Traitement des donn\u00e9es personnelles<\/h3>\n<p>Des donn\u00e9es \u00e0 caract\u00e8re personnel ne pourront \u00eatre recueillies et trait\u00e9es que conform\u00e9ment aux r\u00e8gles relatives aux lois sur la protection des donn\u00e9es.<\/p>\n<p>Dans certains cas, notamment lorsque l&rsquo;utilisateur envoie des donn\u00e9es personnelles en compl\u00e9tant et renvoyant un des formulaires sur le site, il est possible que certaines donn\u00e9es personnelles soient enregistr\u00e9es sur le serveur. L&rsquo;\u00e9diteur traite les informations personnelles re\u00e7ues de l&rsquo;utilisateur exclusivement pour r\u00e9pondre \u00e0 la demande de l&rsquo;utilisateur et pour toute future communication par e-mail qui pourrait r\u00e9sulter d&rsquo;une \u00e9ventuelle relation commerciale entre l&rsquo;utilisateur et l&rsquo;\u00e9diteur.<\/p>\n<p>Les donn\u00e9es personnelles de l&rsquo;utilisateur peuvent \u00eatre enregistr\u00e9es sur le serveur \u00e0 des fins de backup\/logging\/statistiques pour une p\u00e9riode qui ne d\u00e9passera pas 26 mois, apr\u00e8s quoi, elles seront automatiquement supprim\u00e9es.<\/p>\n<p>Les donn\u00e9es personnelles de l&rsquo;utilisateur sont consid\u00e9r\u00e9es comme confidentielles et trait\u00e9es comme telles, elles ne seront donc jamais vendues ou transmises \u00e0 des tiers sans son approbation pr\u00e9alable.<\/p>\n<p>L&rsquo;utilisateur a le droit de consulter, corriger, mettre \u00e0 jour et de demander la suppression de ses donn\u00e9es personnelles \u00e0 tout moment en adressant une demande \u00e9crite \u00e0 cette adresse : <a class=\"email\" href=\"mailto:<a class='clic-email-convert' href='' data-email='aW5mb0BrYXJnb3NvbmcuYmU='>Cliquez ici pour afficher l'e-mail<\/a>\"><a class='clic-email-convert' href='' data-email='aW5mb0BrYXJnb3NvbmcuYmU='>Cliquez ici pour afficher l'e-mail<\/a><\/a><\/p>\n","protected":false},"excerpt":{"rendered":"<p>Protection de donn\u00e9es \u00e0 caract\u00e8re personnel et Politique de confidentialit\u00e9 Traitement des donn\u00e9es personnelles Des donn\u00e9es \u00e0 caract\u00e8re personnel ne&#8230;<\/p>\n","protected":false},"author":1,"featured_media":0,"parent":0,"menu_order":0,"comment_status":"closed","ping_status":"closed","template":"","meta":[],"acf":[],"_links":{"self":[{"href":"https:\/\/www.kargo-music.com\/fr\/wp-json\/wp\/v2\/pages\/21"}],"collection":[{"href":"https:\/\/www.kargo-music.com\/fr\/wp-json\/wp\/v2\/pages"}],"about":[{"href":"https:\/\/www.kargo-music.com\/fr\/wp-json\/wp\/v2\/types\/page"}],"author":[{"embeddable":true,"href":"https:\/\/www.kargo-music.com\/fr\/wp-json\/wp\/v2\/users\/1"}],"replies":[{"embeddable":true,"href":"https:\/\/www.kargo-music.com\/fr\/wp-json\/wp\/v2\/comments?post=21"}],"version-history":[{"count":3,"href":"https:\/\/www.kargo-music.com\/fr\/wp-json\/wp\/v2\/pages\/21\/revisions"}],"predecessor-version":[{"id":427,"href":"https:\/\/www.kargo-music.com\/fr\/wp-json\/wp\/v2\/pages\/21\/revisions\/427"}],"wp:attachment":[{"href":"https:\/\/www.kargo-music.com\/fr\/wp-json\/wp\/v2\/media?parent=21"}],"curies":[{"name":"wp","href":"https:\/\/api.w.org\/{rel}","templated":true}]}}