{"id":2219,"date":"2024-04-18T15:02:02","date_gmt":"2024-04-18T13:02:02","guid":{"rendered":"https:\/\/www.kargo-music.com\/?page_id=2219"},"modified":"2026-02-10T11:29:54","modified_gmt":"2026-02-10T10:29:54","slug":"the-shop","status":"publish","type":"page","link":"https:\/\/www.kargo-music.com\/fr\/the-shop\/","title":{"rendered":"Le Shop"},"content":{"rendered":"<h4>Chansons de qualit\u00e9 cherchent artistes de qualit\u00e9<\/h4>\n<p>Bienvenue dans le magasin de Kargo.<\/p>\n<p>Entre les sessions que les artistes nous demandent, nous \u00e9crivons aussi des chansons qui n&rsquo;ont pas encore d&rsquo;interpr\u00e8te.<\/p>\n<p>Vous pouvez donc \u00e9couter ici ces d\u00e9mos en exclusivit\u00e9 et nous contacter s&rsquo;il y en a une qui vous int\u00e9resse !<\/p>\n<p>Ce sont des \u00ab\u00a0writing demos\u00a0\u00bb&#8230;elles sont donc \u00e0 moiti\u00e9 mix\u00e9es, \u00e0 moiti\u00e9 produites, \u00e0 moiti\u00e9 \u00e9crites et donc enti\u00e8rement modulables par vous ou vos artistes.<\/p>\n<h3>Indie Pop<\/h3>\n<!--[if lt IE 9]><script>document.createElement('audio');<\/script><![endif]-->\n\t<div class=\"wp-playlist wp-audio-playlist wp-playlist-light\">\n\t\t\t<div class=\"wp-playlist-current-item\"><\/div>\n\t\t<audio controls=\"controls\" preload=\"none\" width=\"618\"\n\t\t\t><\/audio>\n\t<div class=\"wp-playlist-next\"><\/div>\n\t<div class=\"wp-playlist-prev\"><\/div>\n\t<noscript>\n\t<ol>\n\t\t<li><a href='https:\/\/www.kargo-music.com\/wp-content\/uploads\/2024\/06\/tell_me_anything.mp3'>Tell Me Anything<\/a><\/li><li><a href='https:\/\/www.kargo-music.com\/wp-content\/uploads\/2024\/06\/waitingv2.mp3'>Waiting<\/a><\/li><li><a href='https:\/\/www.kargo-music.com\/wp-content\/uploads\/2024\/04\/house-is-down.mp3'>House is Down<\/a><\/li>\t<\/ol>\n\t<\/noscript>\n\t<script type=\"application\/json\" class=\"wp-playlist-script\">{\"type\":\"audio\",\"tracklist\":true,\"tracknumbers\":true,\"images\":true,\"artists\":true,\"tracks\":[{\"src\":\"https:\\\/\\\/www.kargo-music.com\\\/wp-content\\\/uploads\\\/2024\\\/06\\\/tell_me_anything.mp3\",\"type\":\"audio\\\/mpeg\",\"title\":\"Tell Me Anything\",\"caption\":\"\",\"description\":\"<i>Tell_Me_Anything<\\\/i>.\",\"meta\":{\"length_formatted\":\"3:00\"},\"image\":{\"src\":\"https:\\\/\\\/www.kargo-music.com\\\/wp-includes\\\/images\\\/media\\\/audio.png\",\"width\":48,\"height\":64},\"thumb\":{\"src\":\"https:\\\/\\\/www.kargo-music.com\\\/wp-includes\\\/images\\\/media\\\/audio.png\",\"width\":48,\"height\":64}},{\"src\":\"https:\\\/\\\/www.kargo-music.com\\\/wp-content\\\/uploads\\\/2024\\\/06\\\/waitingv2.mp3\",\"type\":\"audio\\\/mpeg\",\"title\":\"Waiting\",\"caption\":\"\",\"description\":\"<i>WaitingV2<\\\/i>.\",\"meta\":{\"length_formatted\":\"3:04\"},\"image\":{\"src\":\"https:\\\/\\\/www.kargo-music.com\\\/wp-includes\\\/images\\\/media\\\/audio.png\",\"width\":48,\"height\":64},\"thumb\":{\"src\":\"https:\\\/\\\/www.kargo-music.com\\\/wp-includes\\\/images\\\/media\\\/audio.png\",\"width\":48,\"height\":64}},{\"src\":\"https:\\\/\\\/www.kargo-music.com\\\/wp-content\\\/uploads\\\/2024\\\/04\\\/house-is-down.mp3\",\"type\":\"audio\\\/mpeg\",\"title\":\"House is Down\",\"caption\":\"\",\"description\":\"<i>House is Down<\\\/i>.\",\"meta\":{\"length_formatted\":\"3:12\"},\"image\":{\"src\":\"https:\\\/\\\/www.kargo-music.com\\\/wp-content\\\/uploads\\\/2023\\\/02\\\/kargomusicservices_identite-positive.jpg\",\"width\":1094,\"height\":1080},\"thumb\":{\"src\":\"https:\\\/\\\/www.kargo-music.com\\\/wp-content\\\/uploads\\\/2023\\\/02\\\/kargomusicservices_identite-positive-150x150.jpg\",\"width\":150,\"height\":150}}]}<\/script>\n<\/div>\n\t\n<h3>Pop BALLADS<\/h3>\n<div class=\"wp-playlist wp-audio-playlist wp-playlist-light\">\n\t\t\t<div class=\"wp-playlist-current-item\"><\/div>\n\t\t<audio controls=\"controls\" preload=\"none\" width=\"618\"\n\t\t\t><\/audio>\n\t<div class=\"wp-playlist-next\"><\/div>\n\t<div class=\"wp-playlist-prev\"><\/div>\n\t<noscript>\n\t<ol>\n\t\t<li><a href='https:\/\/www.kargo-music.com\/wp-content\/uploads\/2024\/06\/lights_off.mp3'>Lights Off<\/a><\/li><li><a href='https:\/\/www.kargo-music.com\/wp-content\/uploads\/2024\/04\/house-is-down-v2.mp3'>House is down<\/a><\/li><li><a href='https:\/\/www.kargo-music.com\/wp-content\/uploads\/2024\/06\/hold_on_v2wav.mp3'>Hold On<\/a><\/li>\t<\/ol>\n\t<\/noscript>\n\t<script type=\"application\/json\" class=\"wp-playlist-script\">{\"type\":\"audio\",\"tracklist\":true,\"tracknumbers\":true,\"images\":true,\"artists\":true,\"tracks\":[{\"src\":\"https:\\\/\\\/www.kargo-music.com\\\/wp-content\\\/uploads\\\/2024\\\/06\\\/lights_off.mp3\",\"type\":\"audio\\\/mpeg\",\"title\":\"Lights Off\",\"caption\":\"\",\"description\":\"<i>Lights_Off<\\\/i>.\",\"meta\":{\"length_formatted\":\"3:57\"},\"image\":{\"src\":\"https:\\\/\\\/www.kargo-music.com\\\/wp-includes\\\/images\\\/media\\\/audio.png\",\"width\":48,\"height\":64},\"thumb\":{\"src\":\"https:\\\/\\\/www.kargo-music.com\\\/wp-includes\\\/images\\\/media\\\/audio.png\",\"width\":48,\"height\":64}},{\"src\":\"https:\\\/\\\/www.kargo-music.com\\\/wp-content\\\/uploads\\\/2024\\\/04\\\/house-is-down-v2.mp3\",\"type\":\"audio\\\/mpeg\",\"title\":\"House is down\",\"caption\":\"\",\"description\":\"<i>House is down V2<\\\/i>.\",\"meta\":{\"length_formatted\":\"3:27\"},\"image\":{\"src\":\"https:\\\/\\\/www.kargo-music.com\\\/wp-content\\\/uploads\\\/2023\\\/02\\\/kargomusicservices_identite-positive.jpg\",\"width\":1094,\"height\":1080},\"thumb\":{\"src\":\"https:\\\/\\\/www.kargo-music.com\\\/wp-content\\\/uploads\\\/2023\\\/02\\\/kargomusicservices_identite-positive-150x150.jpg\",\"width\":150,\"height\":150}},{\"src\":\"https:\\\/\\\/www.kargo-music.com\\\/wp-content\\\/uploads\\\/2024\\\/06\\\/hold_on_v2wav.mp3\",\"type\":\"audio\\\/mpeg\",\"title\":\"Hold On\",\"caption\":\"\",\"description\":\"<i>Hold_On_V2wav<\\\/i>.\",\"meta\":{\"length_formatted\":\"2:22\"},\"image\":{\"src\":\"https:\\\/\\\/www.kargo-music.com\\\/wp-includes\\\/images\\\/media\\\/audio.png\",\"width\":48,\"height\":64},\"thumb\":{\"src\":\"https:\\\/\\\/www.kargo-music.com\\\/wp-includes\\\/images\\\/media\\\/audio.png\",\"width\":48,\"height\":64}}]}<\/script>\n<\/div>\n\t\n<h3>DANCE POP<\/h3>\n<div class=\"wp-playlist wp-audio-playlist wp-playlist-light\">\n\t\t\t<div class=\"wp-playlist-current-item\"><\/div>\n\t\t<audio controls=\"controls\" preload=\"none\" width=\"618\"\n\t\t\t><\/audio>\n\t<div class=\"wp-playlist-next\"><\/div>\n\t<div class=\"wp-playlist-prev\"><\/div>\n\t<noscript>\n\t<ol>\n\t\t<li><a href='https:\/\/www.kargo-music.com\/wp-content\/uploads\/2024\/07\/dp_1_mix_rihanna.mp3'>The Blond Kid - One Last Chance (writing demo)<\/a><\/li>\t<\/ol>\n\t<\/noscript>\n\t<script type=\"application\/json\" class=\"wp-playlist-script\">{\"type\":\"audio\",\"tracklist\":true,\"tracknumbers\":true,\"images\":true,\"artists\":true,\"tracks\":[{\"src\":\"https:\\\/\\\/www.kargo-music.com\\\/wp-content\\\/uploads\\\/2024\\\/07\\\/dp_1_mix_rihanna.mp3\",\"type\":\"audio\\\/mpeg\",\"title\":\"The Blond Kid - One Last Chance (writing demo)\",\"caption\":\"\",\"description\":\"<i>The Blond Kid - One Last Chance (writing demo)<\\\/i>.\",\"meta\":{\"length_formatted\":\"2:58\"},\"image\":{\"src\":\"https:\\\/\\\/www.kargo-music.com\\\/wp-includes\\\/images\\\/media\\\/audio.png\",\"width\":48,\"height\":64},\"thumb\":{\"src\":\"https:\\\/\\\/www.kargo-music.com\\\/wp-includes\\\/images\\\/media\\\/audio.png\",\"width\":48,\"height\":64}}]}<\/script>\n<\/div>\n\t\n<p><a href=\"https:\/\/www.kargo-music.com\/fr\/contact\/\">J&rsquo;ai eu le coup de foudre, je clique ici pour acqu\u00e9rir une de ces merveilles !<\/a><\/p>\n","protected":false},"excerpt":{"rendered":"<p>Chansons de qualit\u00e9 cherchent artistes de qualit\u00e9 Bienvenue dans le magasin de Kargo. Entre les sessions que les artistes nous&#8230;<\/p>\n","protected":false},"author":2,"featured_media":0,"parent":0,"menu_order":0,"comment_status":"closed","ping_status":"closed","template":"","meta":[],"acf":[],"_links":{"self":[{"href":"https:\/\/www.kargo-music.com\/fr\/wp-json\/wp\/v2\/pages\/2219"}],"collection":[{"href":"https:\/\/www.kargo-music.com\/fr\/wp-json\/wp\/v2\/pages"}],"about":[{"href":"https:\/\/www.kargo-music.com\/fr\/wp-json\/wp\/v2\/types\/page"}],"author":[{"embeddable":true,"href":"https:\/\/www.kargo-music.com\/fr\/wp-json\/wp\/v2\/users\/2"}],"replies":[{"embeddable":true,"href":"https:\/\/www.kargo-music.com\/fr\/wp-json\/wp\/v2\/comments?post=2219"}],"version-history":[{"count":10,"href":"https:\/\/www.kargo-music.com\/fr\/wp-json\/wp\/v2\/pages\/2219\/revisions"}],"predecessor-version":[{"id":2455,"href":"https:\/\/www.kargo-music.com\/fr\/wp-json\/wp\/v2\/pages\/2219\/revisions\/2455"}],"wp:attachment":[{"href":"https:\/\/www.kargo-music.com\/fr\/wp-json\/wp\/v2\/media?parent=2219"}],"curies":[{"name":"wp","href":"https:\/\/api.w.org\/{rel}","templated":true}]}}