{"id":2808,"date":"2026-02-09T16:28:17","date_gmt":"2026-02-09T15:28:17","guid":{"rendered":"https:\/\/www.kargo-music.com\/?page_id=2808"},"modified":"2026-02-13T13:37:46","modified_gmt":"2026-02-13T12:37:46","slug":"edition","status":"publish","type":"page","link":"https:\/\/www.kargo-music.com\/fr\/edition\/","title":{"rendered":"\u00c9dition"},"content":{"rendered":"<h4><strong>Kargo est \u00e9galement une soci\u00e9t\u00e9 d\u2019\u00e9dition.<\/strong><\/h4>\n<p>Avec des artistes comme Milla :<\/p>\n<p>&nbsp;<\/p>\n<p><iframe title=\"Spotify Embed: Milla\" style=\"border-radius: 12px\" width=\"100%\" height=\"352\" frameborder=\"0\" allowfullscreen allow=\"autoplay; clipboard-write; encrypted-media; fullscreen; picture-in-picture\" loading=\"lazy\" src=\"https:\/\/open.spotify.com\/embed\/artist\/75HG6vt0ppoyIlyRV33oVY?utm_source=oembed\"><\/iframe><\/p>\n","protected":false},"excerpt":{"rendered":"<p>Kargo est \u00e9galement une soci\u00e9t\u00e9 d\u2019\u00e9dition. Avec des artistes comme Milla : &nbsp;<\/p>\n","protected":false},"author":2,"featured_media":0,"parent":0,"menu_order":0,"comment_status":"closed","ping_status":"closed","template":"","meta":[],"acf":[],"_links":{"self":[{"href":"https:\/\/www.kargo-music.com\/fr\/wp-json\/wp\/v2\/pages\/2808"}],"collection":[{"href":"https:\/\/www.kargo-music.com\/fr\/wp-json\/wp\/v2\/pages"}],"about":[{"href":"https:\/\/www.kargo-music.com\/fr\/wp-json\/wp\/v2\/types\/page"}],"author":[{"embeddable":true,"href":"https:\/\/www.kargo-music.com\/fr\/wp-json\/wp\/v2\/users\/2"}],"replies":[{"embeddable":true,"href":"https:\/\/www.kargo-music.com\/fr\/wp-json\/wp\/v2\/comments?post=2808"}],"version-history":[{"count":4,"href":"https:\/\/www.kargo-music.com\/fr\/wp-json\/wp\/v2\/pages\/2808\/revisions"}],"predecessor-version":[{"id":2816,"href":"https:\/\/www.kargo-music.com\/fr\/wp-json\/wp\/v2\/pages\/2808\/revisions\/2816"}],"wp:attachment":[{"href":"https:\/\/www.kargo-music.com\/fr\/wp-json\/wp\/v2\/media?parent=2808"}],"curies":[{"name":"wp","href":"https:\/\/api.w.org\/{rel}","templated":true}]}}