{"id":282,"date":"2021-10-25T14:53:13","date_gmt":"2021-10-25T12:53:13","guid":{"rendered":"http:\/\/www.kargo-music.com\/?page_id=282"},"modified":"2026-04-01T14:23:52","modified_gmt":"2026-04-01T12:23:52","slug":"a-propos","status":"publish","type":"page","link":"https:\/\/www.kargo-music.com\/fr\/a-propos\/","title":{"rendered":"\u00c0 Propos"},"content":{"rendered":"<div class=\"page\" title=\"Page 6\">\n<div class=\"section\">\n<div class=\"section\">\n<div class=\"section\">\n<div class=\"layoutArea\">\n<div class=\"column\">\n<p>Le studio KARGO est un lieu d\u00e9di\u00e9 au songwriting. Un espace inspirant, rendant l\u2019\u00e9criture musicale<\/p>\n<\/div>\n<\/div>\n<\/div>\n<div class=\"section\">\n<div class=\"layoutArea\">\n<div class=\"column\">\n<p>instinctive par la mise \u00e0 disposition d\u2019outils simple et, si besoin, de compositeurs exp\u00e9riment\u00e9s.<\/p>\n<\/div>\n<\/div>\n<\/div>\n<\/div>\n<div class=\"section\">\n<div class=\"section\">\n<div class=\"layoutArea\">\n<div class=\"column\">\n<p>&nbsp;<\/p>\n<p>Nous voulons mettre ce lieu \u00e0 disposition des artistes ou structures de tous types : les artistes de tous les horizons (qu\u2019ils soient d\u00e9j\u00e0 en contrat avec d\u2019autres labels ou non), les \u00e9diteurs, les labels,&#8230;<\/p>\n<\/div>\n<\/div>\n<\/div>\n<div class=\"section\">\n<div class=\"layoutArea\">\n<div class=\"column\"><\/div>\n<\/div>\n<\/div>\n<\/div>\n<div class=\"layoutArea\">\n<div class=\"column\">\n<p>&nbsp;<\/p>\n<p>Nous voulons \u00e9galement y faire \u00e9clore nos propres artistes. C&rsquo;est pourquoi nous venons de cr\u00e9er un label participatif dans lequel tout le monde peut s&rsquo;impliquer.<\/p>\n<\/div>\n<\/div>\n<\/div>\n<div class=\"section\">\n<div class=\"layoutArea\">\n<div class=\"column\">\n<p>Nous sommes aujourd&rsquo;hui 40 \u00e0 \u00e9couter des d\u00e9mos, choisir des singles, faire des choix artistiques.<\/p>\n<\/div>\n<\/div>\n<\/div>\n<div class=\"section\">\n<div class=\"layoutArea\">\n<div class=\"column\">\n<p>choisir des singles, faire des choix artistiques.<\/p>\n<\/div>\n<\/div>\n<\/div>\n<\/div>\n<p>&nbsp;<\/p>\n<p>Avec le soutien de :<\/p>\n<p><img loading=\"lazy\" class=\"alignnone wp-image-1348 size-medium\" src=\"http:\/\/www.kargo-music.com\/wp-content\/uploads\/2023\/01\/sabam-for_culture-color-rgb4x-600x320.jpg\" alt=\"Sabam For Culture Color Rgb@4x\" width=\"600\" height=\"320\" srcset=\"https:\/\/www.kargo-music.com\/wp-content\/uploads\/2023\/01\/sabam-for_culture-color-rgb4x-600x320.jpg 600w, https:\/\/www.kargo-music.com\/wp-content\/uploads\/2023\/01\/sabam-for_culture-color-rgb4x-1024x546.jpg 1024w, https:\/\/www.kargo-music.com\/wp-content\/uploads\/2023\/01\/sabam-for_culture-color-rgb4x-768x409.jpg 768w, https:\/\/www.kargo-music.com\/wp-content\/uploads\/2023\/01\/sabam-for_culture-color-rgb4x-1536x818.jpg 1536w, https:\/\/www.kargo-music.com\/wp-content\/uploads\/2023\/01\/sabam-for_culture-color-rgb4x-2048x1091.jpg 2048w, https:\/\/www.kargo-music.com\/wp-content\/uploads\/2023\/01\/sabam-for_culture-color-rgb4x-scaled.jpg 1920w\" sizes=\"(max-width: 600px) 100vw, 600px\" \/> <img loading=\"lazy\" class=\"alignnone wp-image-1342 size-medium\" src=\"http:\/\/www.kargo-music.com\/wp-content\/uploads\/2023\/01\/start_sa-600x155.jpeg\" alt=\"Start Sa\" width=\"600\" height=\"155\" srcset=\"https:\/\/www.kargo-music.com\/wp-content\/uploads\/2023\/01\/start_sa-600x155.jpeg 600w, https:\/\/www.kargo-music.com\/wp-content\/uploads\/2023\/01\/start_sa-1024x265.jpeg 1024w, https:\/\/www.kargo-music.com\/wp-content\/uploads\/2023\/01\/start_sa-768x199.jpeg 768w, https:\/\/www.kargo-music.com\/wp-content\/uploads\/2023\/01\/start_sa.jpeg 1160w\" sizes=\"(max-width: 600px) 100vw, 600px\" \/> <img loading=\"lazy\" class=\"alignnone wp-image-2657 \" src=\"http:\/\/www.kargo-music.com\/wp-content\/uploads\/2026\/02\/design-sans-titre-1.png\" alt=\"Design Sans Titre\" width=\"575\" height=\"317\" \/><\/p>\n<p>&nbsp;<\/p>\n","protected":false},"excerpt":{"rendered":"<p>Le studio KARGO est un lieu d\u00e9di\u00e9 au songwriting. Un espace inspirant, rendant l\u2019\u00e9criture musicale instinctive par la mise \u00e0&#8230;<\/p>\n","protected":false},"author":1,"featured_media":0,"parent":0,"menu_order":0,"comment_status":"closed","ping_status":"closed","template":"","meta":[],"acf":[],"_links":{"self":[{"href":"https:\/\/www.kargo-music.com\/fr\/wp-json\/wp\/v2\/pages\/282"}],"collection":[{"href":"https:\/\/www.kargo-music.com\/fr\/wp-json\/wp\/v2\/pages"}],"about":[{"href":"https:\/\/www.kargo-music.com\/fr\/wp-json\/wp\/v2\/types\/page"}],"author":[{"embeddable":true,"href":"https:\/\/www.kargo-music.com\/fr\/wp-json\/wp\/v2\/users\/1"}],"replies":[{"embeddable":true,"href":"https:\/\/www.kargo-music.com\/fr\/wp-json\/wp\/v2\/comments?post=282"}],"version-history":[{"count":10,"href":"https:\/\/www.kargo-music.com\/fr\/wp-json\/wp\/v2\/pages\/282\/revisions"}],"predecessor-version":[{"id":2864,"href":"https:\/\/www.kargo-music.com\/fr\/wp-json\/wp\/v2\/pages\/282\/revisions\/2864"}],"wp:attachment":[{"href":"https:\/\/www.kargo-music.com\/fr\/wp-json\/wp\/v2\/media?parent=282"}],"curies":[{"name":"wp","href":"https:\/\/api.w.org\/{rel}","templated":true}]}}