{"id":472,"date":"2021-12-06T12:17:01","date_gmt":"2021-12-06T11:17:01","guid":{"rendered":"http:\/\/www.kargo-music.com\/?page_id=472"},"modified":"2026-02-10T11:26:47","modified_gmt":"2026-02-10T10:26:47","slug":"equipement-professionnel","status":"publish","type":"page","link":"https:\/\/www.kargo-music.com\/fr\/equipement-professionnel\/","title":{"rendered":"\u00c9quipement"},"content":{"rendered":"<p>&nbsp;<\/p>\n<p>Nous avons d\u00e9cid\u00e9 d&rsquo;\u00e9quiper notre studio avec peu de matos, mais uniquement de grande qualit\u00e9.<\/p>\n","protected":false},"excerpt":{"rendered":"<p>&nbsp; Nous avons d\u00e9cid\u00e9 d&rsquo;\u00e9quiper notre studio avec peu de matos, mais uniquement de grande qualit\u00e9.<\/p>\n","protected":false},"author":1,"featured_media":0,"parent":0,"menu_order":0,"comment_status":"closed","ping_status":"closed","template":"template-page\/equipment.php","meta":[],"acf":[],"_links":{"self":[{"href":"https:\/\/www.kargo-music.com\/fr\/wp-json\/wp\/v2\/pages\/472"}],"collection":[{"href":"https:\/\/www.kargo-music.com\/fr\/wp-json\/wp\/v2\/pages"}],"about":[{"href":"https:\/\/www.kargo-music.com\/fr\/wp-json\/wp\/v2\/types\/page"}],"author":[{"embeddable":true,"href":"https:\/\/www.kargo-music.com\/fr\/wp-json\/wp\/v2\/users\/1"}],"replies":[{"embeddable":true,"href":"https:\/\/www.kargo-music.com\/fr\/wp-json\/wp\/v2\/comments?post=472"}],"version-history":[{"count":11,"href":"https:\/\/www.kargo-music.com\/fr\/wp-json\/wp\/v2\/pages\/472\/revisions"}],"predecessor-version":[{"id":2587,"href":"https:\/\/www.kargo-music.com\/fr\/wp-json\/wp\/v2\/pages\/472\/revisions\/2587"}],"wp:attachment":[{"href":"https:\/\/www.kargo-music.com\/fr\/wp-json\/wp\/v2\/media?parent=472"}],"curies":[{"name":"wp","href":"https:\/\/api.w.org\/{rel}","templated":true}]}}